{"id":157,"date":"2021-03-29T17:53:24","date_gmt":"2021-03-29T17:53:24","guid":{"rendered":"https:\/\/golf-country-hotel.ms.decms.eu\/golf-country-hotel\/"},"modified":"2024-09-05T06:42:32","modified_gmt":"2024-09-05T06:42:32","slug":"golf-country-hotel","status":"publish","type":"page","link":"https:\/\/golf-country-hotel.excellence-group.lu\/de\/","title":{"rendered":"Golf &amp; Country Hotel****"},"content":{"rendered":"<p style=\"text-align: center\">Nur 5 Minuten vom Stadtzentrum entfernt, bietet das Golf &amp; Country Hotel**** mit seinen 23 Zimmern einen Panoramablick auf seinen renommierten Golfplatz und die gr\u00fcnen Landschaften der Luxemburger Ardennen.<\/p>\n<p style=\"text-align: center\">Dieses Hotel wird nicht nur Freunden des Golfsports gefallen, sondern auch Natur-Liebhabern und ruhesuchenden G\u00e4sten. Mit seiner au\u00dfergew\u00f6hnlichen Lage, seinem 18-Loch-Platz, dem erg\u00e4nzenden Hotel sowie seiner Gastronomie strahlt dieser Ort wahre Magie aus.<\/p>\n","protected":false},"excerpt":{"rendered":"<p>Nur 5 Minuten vom Stadtzentrum entfernt, bietet das Golf &amp; Country Hotel**** mit seinen 23 Zimmern einen Panoramablick auf seinen renommierten Golfplatz und die gr\u00fcnen Landschaften der Luxemburger Ardennen. Dieses Hotel wird nicht nur Freunden des Golfsports gefallen, sondern auch Natur-Liebhabern und ruhesuchenden G\u00e4sten. Mit seiner au\u00dfergew\u00f6hnlichen Lage, seinem 18-Loch-Platz, dem erg\u00e4nzenden Hotel sowie seiner [&hellip;]<\/p>\n","protected":false},"author":60,"featured_media":515,"parent":0,"menu_order":0,"comment_status":"closed","ping_status":"closed","template":"","meta":{"footnotes":""},"class_list":["post-157","page","type-page","status-publish","has-post-thumbnail","hentry"],"yoast_head":"<!-- This site is optimized with the Yoast SEO plugin v26.9 - https:\/\/yoast.com\/product\/yoast-seo-wordpress\/ -->\n<title>Golf &amp; Country Hotel**** - Golf Country Hotel<\/title>\n<meta name=\"robots\" content=\"noindex, follow\" \/>\n<meta property=\"og:locale\" content=\"de_DE\" \/>\n<meta property=\"og:type\" content=\"article\" \/>\n<meta property=\"og:title\" content=\"Golf &amp; Country Hotel**** - Golf Country Hotel\" \/>\n<meta property=\"og:description\" content=\"Nur 5 Minuten vom Stadtzentrum entfernt, bietet das Golf &amp; Country Hotel**** mit seinen 23 Zimmern einen Panoramablick auf seinen renommierten Golfplatz und die gr\u00fcnen Landschaften der Luxemburger Ardennen. Dieses Hotel wird nicht nur Freunden des Golfsports gefallen, sondern auch Natur-Liebhabern und ruhesuchenden G\u00e4sten. Mit seiner au\u00dfergew\u00f6hnlichen Lage, seinem 18-Loch-Platz, dem erg\u00e4nzenden Hotel sowie seiner [&hellip;]\" \/>\n<meta property=\"og:url\" content=\"https:\/\/golf-country-hotel.excellence-group.lu\/de\/\" \/>\n<meta property=\"og:site_name\" content=\"Golf Country Hotel\" \/>\n<meta property=\"article:modified_time\" content=\"2024-09-05T06:42:32+00:00\" \/>\n<meta property=\"og:image\" content=\"https:\/\/golf-country-hotel.excellence-hotels.com\/wp-content\/uploads\/sites\/392\/2022\/03\/DSC_9756-HDR-1024x683.jpg\" \/>\n\t<meta property=\"og:image:width\" content=\"1024\" \/>\n\t<meta property=\"og:image:height\" content=\"683\" \/>\n\t<meta property=\"og:image:type\" content=\"image\/jpeg\" \/>\n<meta name=\"twitter:card\" content=\"summary_large_image\" \/>\n<meta name=\"twitter:label1\" content=\"Gesch\u00e4tzte Lesezeit\" \/>\n\t<meta name=\"twitter:data1\" content=\"1 Minute\" \/>\n<script type=\"application\/ld+json\" class=\"yoast-schema-graph\">{\"@context\":\"https:\/\/schema.org\",\"@graph\":[{\"@type\":\"WebPage\",\"@id\":\"https:\/\/golf-country-hotel.excellence-group.lu\/de\/\",\"url\":\"https:\/\/golf-country-hotel.excellence-group.lu\/de\/\",\"name\":\"Golf &amp; Country Hotel**** - Golf Country Hotel\",\"isPartOf\":{\"@id\":\"https:\/\/golf-country-hotel.excellence-group.lu\/de\/#website\"},\"primaryImageOfPage\":{\"@id\":\"https:\/\/golf-country-hotel.excellence-group.lu\/de\/#primaryimage\"},\"image\":{\"@id\":\"https:\/\/golf-country-hotel.excellence-group.lu\/de\/#primaryimage\"},\"thumbnailUrl\":\"https:\/\/golf-country-hotel.excellence-hotels.com\/wp-content\/uploads\/sites\/392\/2022\/03\/DSC_9756-HDR.jpg\",\"datePublished\":\"2021-03-29T17:53:24+00:00\",\"dateModified\":\"2024-09-05T06:42:32+00:00\",\"breadcrumb\":{\"@id\":\"https:\/\/golf-country-hotel.excellence-group.lu\/de\/#breadcrumb\"},\"inLanguage\":\"de-DE\",\"potentialAction\":[{\"@type\":\"ReadAction\",\"target\":[\"https:\/\/golf-country-hotel.excellence-group.lu\/de\/\"]}]},{\"@type\":\"ImageObject\",\"inLanguage\":\"de-DE\",\"@id\":\"https:\/\/golf-country-hotel.excellence-group.lu\/de\/#primaryimage\",\"url\":\"https:\/\/golf-country-hotel.excellence-hotels.com\/wp-content\/uploads\/sites\/392\/2022\/03\/DSC_9756-HDR.jpg\",\"contentUrl\":\"https:\/\/golf-country-hotel.excellence-hotels.com\/wp-content\/uploads\/sites\/392\/2022\/03\/DSC_9756-HDR.jpg\",\"width\":2560,\"height\":1709},{\"@type\":\"BreadcrumbList\",\"@id\":\"https:\/\/golf-country-hotel.excellence-group.lu\/de\/#breadcrumb\",\"itemListElement\":[{\"@type\":\"ListItem\",\"position\":1,\"name\":\"Home\",\"item\":\"https:\/\/golf-country-hotel.excellence-group.lu\/de\/\"},{\"@type\":\"ListItem\",\"position\":2,\"name\":\"Golf &amp; Country Hotel****\"}]},{\"@type\":\"WebSite\",\"@id\":\"https:\/\/golf-country-hotel.excellence-group.lu\/de\/#website\",\"url\":\"https:\/\/golf-country-hotel.excellence-group.lu\/de\/\",\"name\":\"Golf Country Hotel\",\"description\":\"Just another ms.decms.eu site\",\"potentialAction\":[{\"@type\":\"SearchAction\",\"target\":{\"@type\":\"EntryPoint\",\"urlTemplate\":\"https:\/\/golf-country-hotel.excellence-group.lu\/de\/?s={search_term_string}\"},\"query-input\":{\"@type\":\"PropertyValueSpecification\",\"valueRequired\":true,\"valueName\":\"search_term_string\"}}],\"inLanguage\":\"de-DE\"}]}<\/script>\n<!-- \/ Yoast SEO plugin. -->","yoast_head_json":{"title":"Golf &amp; Country Hotel**** - Golf Country Hotel","robots":{"index":"noindex","follow":"follow"},"og_locale":"de_DE","og_type":"article","og_title":"Golf &amp; Country Hotel**** - Golf Country Hotel","og_description":"Nur 5 Minuten vom Stadtzentrum entfernt, bietet das Golf &amp; Country Hotel**** mit seinen 23 Zimmern einen Panoramablick auf seinen renommierten Golfplatz und die gr\u00fcnen Landschaften der Luxemburger Ardennen. Dieses Hotel wird nicht nur Freunden des Golfsports gefallen, sondern auch Natur-Liebhabern und ruhesuchenden G\u00e4sten. Mit seiner au\u00dfergew\u00f6hnlichen Lage, seinem 18-Loch-Platz, dem erg\u00e4nzenden Hotel sowie seiner [&hellip;]","og_url":"https:\/\/golf-country-hotel.excellence-group.lu\/de\/","og_site_name":"Golf Country Hotel","article_modified_time":"2024-09-05T06:42:32+00:00","og_image":[{"width":1024,"height":683,"url":"https:\/\/golf-country-hotel.excellence-hotels.com\/wp-content\/uploads\/sites\/392\/2022\/03\/DSC_9756-HDR-1024x683.jpg","type":"image\/jpeg"}],"twitter_card":"summary_large_image","twitter_misc":{"Gesch\u00e4tzte Lesezeit":"1 Minute"},"schema":{"@context":"https:\/\/schema.org","@graph":[{"@type":"WebPage","@id":"https:\/\/golf-country-hotel.excellence-group.lu\/de\/","url":"https:\/\/golf-country-hotel.excellence-group.lu\/de\/","name":"Golf &amp; Country Hotel**** - Golf Country Hotel","isPartOf":{"@id":"https:\/\/golf-country-hotel.excellence-group.lu\/de\/#website"},"primaryImageOfPage":{"@id":"https:\/\/golf-country-hotel.excellence-group.lu\/de\/#primaryimage"},"image":{"@id":"https:\/\/golf-country-hotel.excellence-group.lu\/de\/#primaryimage"},"thumbnailUrl":"https:\/\/golf-country-hotel.excellence-hotels.com\/wp-content\/uploads\/sites\/392\/2022\/03\/DSC_9756-HDR.jpg","datePublished":"2021-03-29T17:53:24+00:00","dateModified":"2024-09-05T06:42:32+00:00","breadcrumb":{"@id":"https:\/\/golf-country-hotel.excellence-group.lu\/de\/#breadcrumb"},"inLanguage":"de-DE","potentialAction":[{"@type":"ReadAction","target":["https:\/\/golf-country-hotel.excellence-group.lu\/de\/"]}]},{"@type":"ImageObject","inLanguage":"de-DE","@id":"https:\/\/golf-country-hotel.excellence-group.lu\/de\/#primaryimage","url":"https:\/\/golf-country-hotel.excellence-hotels.com\/wp-content\/uploads\/sites\/392\/2022\/03\/DSC_9756-HDR.jpg","contentUrl":"https:\/\/golf-country-hotel.excellence-hotels.com\/wp-content\/uploads\/sites\/392\/2022\/03\/DSC_9756-HDR.jpg","width":2560,"height":1709},{"@type":"BreadcrumbList","@id":"https:\/\/golf-country-hotel.excellence-group.lu\/de\/#breadcrumb","itemListElement":[{"@type":"ListItem","position":1,"name":"Home","item":"https:\/\/golf-country-hotel.excellence-group.lu\/de\/"},{"@type":"ListItem","position":2,"name":"Golf &amp; Country Hotel****"}]},{"@type":"WebSite","@id":"https:\/\/golf-country-hotel.excellence-group.lu\/de\/#website","url":"https:\/\/golf-country-hotel.excellence-group.lu\/de\/","name":"Golf Country Hotel","description":"Just another ms.decms.eu site","potentialAction":[{"@type":"SearchAction","target":{"@type":"EntryPoint","urlTemplate":"https:\/\/golf-country-hotel.excellence-group.lu\/de\/?s={search_term_string}"},"query-input":{"@type":"PropertyValueSpecification","valueRequired":true,"valueName":"search_term_string"}}],"inLanguage":"de-DE"}]}},"acf":[],"_links":{"self":[{"href":"https:\/\/golf-country-hotel.excellence-group.lu\/de\/wp-json\/wp\/v2\/pages\/157","targetHints":{"allow":["GET"]}}],"collection":[{"href":"https:\/\/golf-country-hotel.excellence-group.lu\/de\/wp-json\/wp\/v2\/pages"}],"about":[{"href":"https:\/\/golf-country-hotel.excellence-group.lu\/de\/wp-json\/wp\/v2\/types\/page"}],"author":[{"embeddable":true,"href":"https:\/\/golf-country-hotel.excellence-group.lu\/de\/wp-json\/wp\/v2\/users\/60"}],"replies":[{"embeddable":true,"href":"https:\/\/golf-country-hotel.excellence-group.lu\/de\/wp-json\/wp\/v2\/comments?post=157"}],"version-history":[{"count":0,"href":"https:\/\/golf-country-hotel.excellence-group.lu\/de\/wp-json\/wp\/v2\/pages\/157\/revisions"}],"wp:featuredmedia":[{"embeddable":true,"href":"https:\/\/golf-country-hotel.excellence-group.lu\/de\/wp-json\/wp\/v2\/media\/515"}],"wp:attachment":[{"href":"https:\/\/golf-country-hotel.excellence-group.lu\/de\/wp-json\/wp\/v2\/media?parent=157"}],"curies":[{"name":"wp","href":"https:\/\/api.w.org\/{rel}","templated":true}]}}