{"id":152,"date":"2021-05-20T13:09:11","date_gmt":"2021-05-20T13:09:11","guid":{"rendered":"https:\/\/golf-country-hotel.ms.decms.eu\/contact\/"},"modified":"2021-06-12T14:01:09","modified_gmt":"2021-06-12T14:01:09","slug":"kontakt","status":"publish","type":"page","link":"https:\/\/golf-country-hotel.excellence-group.lu\/de\/kontakt\/","title":{"rendered":"Kontakt"},"content":{"rendered":"<p style=\"text-align: center;\">Bei Fragen k\u00f6nnen Sie uns jederzeit kontaktieren.<br \/>\nUnser Team steht Ihnen gerne zur Verf\u00fcgung und freut sich, Ihnen zus\u00e4tzliche Informationen geben zu k\u00f6nnen oder Sie bei Ihrer Buchung in einem unserer H\u00e4user unterst\u00fctzen zu k\u00f6nnen.<\/p>\n","protected":false},"excerpt":{"rendered":"<p>Bei Fragen k\u00f6nnen Sie uns jederzeit kontaktieren. Unser Team steht Ihnen gerne zur Verf\u00fcgung und freut sich, Ihnen zus\u00e4tzliche Informationen geben zu k\u00f6nnen oder Sie bei Ihrer Buchung in einem unserer H\u00e4user unterst\u00fctzen zu k\u00f6nnen.<\/p>\n","protected":false},"author":5,"featured_media":0,"parent":0,"menu_order":0,"comment_status":"closed","ping_status":"closed","template":"template-contacts.php","meta":{"footnotes":""},"class_list":["post-152","page","type-page","status-publish","hentry"],"yoast_head":"<!-- This site is optimized with the Yoast SEO plugin v26.9 - https:\/\/yoast.com\/product\/yoast-seo-wordpress\/ -->\n<title>Kontakt - Golf Country Hotel<\/title>\n<meta name=\"robots\" content=\"index, follow, max-snippet:-1, max-image-preview:large, max-video-preview:-1\" \/>\n<link rel=\"canonical\" href=\"https:\/\/golf-country-hotel.excellence-group.lu\/de\/kontakt\/\" \/>\n<meta property=\"og:locale\" content=\"de_DE\" \/>\n<meta property=\"og:type\" content=\"article\" \/>\n<meta property=\"og:title\" content=\"Kontakt - Golf Country Hotel\" \/>\n<meta property=\"og:description\" content=\"Bei Fragen k\u00f6nnen Sie uns jederzeit kontaktieren. Unser Team steht Ihnen gerne zur Verf\u00fcgung und freut sich, Ihnen zus\u00e4tzliche Informationen geben zu k\u00f6nnen oder Sie bei Ihrer Buchung in einem unserer H\u00e4user unterst\u00fctzen zu k\u00f6nnen.\" \/>\n<meta property=\"og:url\" content=\"https:\/\/golf-country-hotel.excellence-group.lu\/de\/kontakt\/\" \/>\n<meta property=\"og:site_name\" content=\"Golf Country Hotel\" \/>\n<meta property=\"article:modified_time\" content=\"2021-06-12T14:01:09+00:00\" \/>\n<meta name=\"twitter:card\" content=\"summary_large_image\" \/>\n<script type=\"application\/ld+json\" class=\"yoast-schema-graph\">{\"@context\":\"https:\/\/schema.org\",\"@graph\":[{\"@type\":\"WebPage\",\"@id\":\"https:\/\/golf-country-hotel.excellence-group.lu\/de\/kontakt\/\",\"url\":\"https:\/\/golf-country-hotel.excellence-group.lu\/de\/kontakt\/\",\"name\":\"Kontakt - Golf Country Hotel\",\"isPartOf\":{\"@id\":\"https:\/\/golf-country-hotel.excellence-group.lu\/de\/#website\"},\"datePublished\":\"2021-05-20T13:09:11+00:00\",\"dateModified\":\"2021-06-12T14:01:09+00:00\",\"breadcrumb\":{\"@id\":\"https:\/\/golf-country-hotel.excellence-group.lu\/de\/kontakt\/#breadcrumb\"},\"inLanguage\":\"de-DE\",\"potentialAction\":[{\"@type\":\"ReadAction\",\"target\":[\"https:\/\/golf-country-hotel.excellence-group.lu\/de\/kontakt\/\"]}]},{\"@type\":\"BreadcrumbList\",\"@id\":\"https:\/\/golf-country-hotel.excellence-group.lu\/de\/kontakt\/#breadcrumb\",\"itemListElement\":[{\"@type\":\"ListItem\",\"position\":1,\"name\":\"Home\",\"item\":\"https:\/\/golf-country-hotel.excellence-group.lu\/de\/\"},{\"@type\":\"ListItem\",\"position\":2,\"name\":\"Kontakt\"}]},{\"@type\":\"WebSite\",\"@id\":\"https:\/\/golf-country-hotel.excellence-group.lu\/de\/#website\",\"url\":\"https:\/\/golf-country-hotel.excellence-group.lu\/de\/\",\"name\":\"Golf Country Hotel\",\"description\":\"Just another ms.decms.eu site\",\"potentialAction\":[{\"@type\":\"SearchAction\",\"target\":{\"@type\":\"EntryPoint\",\"urlTemplate\":\"https:\/\/golf-country-hotel.excellence-group.lu\/de\/?s={search_term_string}\"},\"query-input\":{\"@type\":\"PropertyValueSpecification\",\"valueRequired\":true,\"valueName\":\"search_term_string\"}}],\"inLanguage\":\"de-DE\"}]}<\/script>\n<!-- \/ Yoast SEO plugin. -->","yoast_head_json":{"title":"Kontakt - Golf Country Hotel","robots":{"index":"index","follow":"follow","max-snippet":"max-snippet:-1","max-image-preview":"max-image-preview:large","max-video-preview":"max-video-preview:-1"},"canonical":"https:\/\/golf-country-hotel.excellence-group.lu\/de\/kontakt\/","og_locale":"de_DE","og_type":"article","og_title":"Kontakt - Golf Country Hotel","og_description":"Bei Fragen k\u00f6nnen Sie uns jederzeit kontaktieren. Unser Team steht Ihnen gerne zur Verf\u00fcgung und freut sich, Ihnen zus\u00e4tzliche Informationen geben zu k\u00f6nnen oder Sie bei Ihrer Buchung in einem unserer H\u00e4user unterst\u00fctzen zu k\u00f6nnen.","og_url":"https:\/\/golf-country-hotel.excellence-group.lu\/de\/kontakt\/","og_site_name":"Golf Country Hotel","article_modified_time":"2021-06-12T14:01:09+00:00","twitter_card":"summary_large_image","schema":{"@context":"https:\/\/schema.org","@graph":[{"@type":"WebPage","@id":"https:\/\/golf-country-hotel.excellence-group.lu\/de\/kontakt\/","url":"https:\/\/golf-country-hotel.excellence-group.lu\/de\/kontakt\/","name":"Kontakt - Golf Country Hotel","isPartOf":{"@id":"https:\/\/golf-country-hotel.excellence-group.lu\/de\/#website"},"datePublished":"2021-05-20T13:09:11+00:00","dateModified":"2021-06-12T14:01:09+00:00","breadcrumb":{"@id":"https:\/\/golf-country-hotel.excellence-group.lu\/de\/kontakt\/#breadcrumb"},"inLanguage":"de-DE","potentialAction":[{"@type":"ReadAction","target":["https:\/\/golf-country-hotel.excellence-group.lu\/de\/kontakt\/"]}]},{"@type":"BreadcrumbList","@id":"https:\/\/golf-country-hotel.excellence-group.lu\/de\/kontakt\/#breadcrumb","itemListElement":[{"@type":"ListItem","position":1,"name":"Home","item":"https:\/\/golf-country-hotel.excellence-group.lu\/de\/"},{"@type":"ListItem","position":2,"name":"Kontakt"}]},{"@type":"WebSite","@id":"https:\/\/golf-country-hotel.excellence-group.lu\/de\/#website","url":"https:\/\/golf-country-hotel.excellence-group.lu\/de\/","name":"Golf Country Hotel","description":"Just another ms.decms.eu site","potentialAction":[{"@type":"SearchAction","target":{"@type":"EntryPoint","urlTemplate":"https:\/\/golf-country-hotel.excellence-group.lu\/de\/?s={search_term_string}"},"query-input":{"@type":"PropertyValueSpecification","valueRequired":true,"valueName":"search_term_string"}}],"inLanguage":"de-DE"}]}},"acf":[],"_links":{"self":[{"href":"https:\/\/golf-country-hotel.excellence-group.lu\/de\/wp-json\/wp\/v2\/pages\/152","targetHints":{"allow":["GET"]}}],"collection":[{"href":"https:\/\/golf-country-hotel.excellence-group.lu\/de\/wp-json\/wp\/v2\/pages"}],"about":[{"href":"https:\/\/golf-country-hotel.excellence-group.lu\/de\/wp-json\/wp\/v2\/types\/page"}],"author":[{"embeddable":true,"href":"https:\/\/golf-country-hotel.excellence-group.lu\/de\/wp-json\/wp\/v2\/users\/5"}],"replies":[{"embeddable":true,"href":"https:\/\/golf-country-hotel.excellence-group.lu\/de\/wp-json\/wp\/v2\/comments?post=152"}],"version-history":[{"count":0,"href":"https:\/\/golf-country-hotel.excellence-group.lu\/de\/wp-json\/wp\/v2\/pages\/152\/revisions"}],"wp:attachment":[{"href":"https:\/\/golf-country-hotel.excellence-group.lu\/de\/wp-json\/wp\/v2\/media?parent=152"}],"curies":[{"name":"wp","href":"https:\/\/api.w.org\/{rel}","templated":true}]}}